{"id":43,"date":"2011-01-29T17:43:33","date_gmt":"2011-01-29T17:43:33","guid":{"rendered":"http:\/\/www.mcmotylek.cz\/diskuze\/blog.php\/"},"modified":"2025-08-29T14:20:03","modified_gmt":"2025-08-29T13:20:03","slug":"kontakt","status":"publish","type":"page","link":"http:\/\/www.mcmotylek.cz\/?page_id=43","title":{"rendered":"Kontakt"},"content":{"rendered":"<p><a href=\"http:\/\/www.mcmotylek.cz\/wp-content\/uploads\/2011\/09\/logo_motylek.jpg\" target=\"_blank\" rel=\"noopener noreferrer\"><img loading=\"lazy\" class=\"alignnone size-medium wp-image-1575\" title=\"logo_motylek\" src=\"http:\/\/www.mcmotylek.cz\/wp-content\/uploads\/2011\/09\/logo_motylek-300x166.jpg\" alt=\"\" width=\"300\" height=\"166\" srcset=\"http:\/\/www.mcmotylek.cz\/wp-content\/uploads\/2011\/09\/logo_motylek-300x166.jpg 300w, http:\/\/www.mcmotylek.cz\/wp-content\/uploads\/2011\/09\/logo_motylek-1024x568.jpg 1024w, http:\/\/www.mcmotylek.cz\/wp-content\/uploads\/2011\/09\/logo_motylek.jpg 1181w\" sizes=\"(max-width: 300px) 100vw, 300px\" \/><\/a><\/p>\n<p>MC Mot\u00fdlek\u00a0 najdete na t\u00e9to adrese:<\/p>\n<p><strong>MC Mot\u00fdlek<br \/>\nOkru\u017en\u00ed 520<br \/>\n257 41 T\u00fdnec nad S\u00e1zavou<\/strong><\/p>\n<p>(\u017elut\u00fd D\u016fm s pe\u010dovatelskou slu\u017ebou, suter\u00e9n)<\/p>\n<p>E-mail: <a href=\"mailto:info@mcmotylek.cz\">info@mcmotylek.cz<\/a><br \/>\n\u010c\u00edslo \u00fa\u010dtu: <b>277 035 505 \/ 0600<\/b><\/p>\n<p>Datov\u00e1 schr\u00e1nka:<strong> trjzt3x<\/strong><\/p>\n<p><strong>Mapa:<\/strong><\/p>\n<p><img loading=\"lazy\" class=\"alignnone size-full wp-image-1028\" title=\"mapa\" src=\"http:\/\/www.mcmotylek.cz\/wp-content\/uploads\/2011\/01\/mapa.jpg\" alt=\"\" width=\"362\" height=\"270\" srcset=\"http:\/\/www.mcmotylek.cz\/wp-content\/uploads\/2011\/01\/mapa.jpg 362w, http:\/\/www.mcmotylek.cz\/wp-content\/uploads\/2011\/01\/mapa-300x223.jpg 300w\" sizes=\"(max-width: 362px) 100vw, 362px\" \/><\/p>\n<p><strong>Kontaktn\u00ed osoby:<\/strong><\/p>\n\n<table id=\"tablepress-2\" class=\"tablepress tablepress-id-2\">\n<tbody class=\"row-hover\">\n<tr class=\"row-1 odd\">\n\t<td class=\"column-1\">Jm\u00e9no<\/td><td class=\"column-2\">Funkce<\/td><td class=\"column-3\">Kontakt<\/td>\n<\/tr>\n<tr class=\"row-2 even\">\n\t<td class=\"column-1\">Mgr. Daniela Pe\u010denkov\u00e1<\/td><td class=\"column-2\">p\u0159edseda p\u0159edstavenstva<\/td><td class=\"column-3\">+420 721 414 121<br \/>\n<a href=\"mailto:info@mcmotylek.cz\">info@mcmotylek.cz<\/a><\/td>\n<\/tr>\n<tr class=\"row-3 odd\">\n\t<td class=\"column-1\">Ing. Jana Ma\u0148asov\u00e1<\/td><td class=\"column-2\">\u010dlen p\u0159edstavenstva<\/td><td class=\"column-3\"><\/td>\n<\/tr>\n<tr class=\"row-4 even\">\n\t<td class=\"column-1\">Mgr. Lucie Pol\u00e1kov\u00e1<\/td><td class=\"column-2\">\u010dlen p\u0159edstavenstva<\/td><td class=\"column-3\"><\/td>\n<\/tr>\n<tr class=\"row-5 odd\">\n\t<td class=\"column-1\">Martina Neubergov\u00e1<\/td><td class=\"column-2\">kontrolor \u00fa\u010dtu<\/td><td class=\"column-3\"><\/td>\n<\/tr>\n<\/tbody>\n<\/table>\n<!-- #tablepress-2 from cache -->\n","protected":false},"excerpt":{"rendered":"<p>MC Mot\u00fdlek\u00a0 najdete na t\u00e9to adrese: MC Mot\u00fdlek Okru\u017en\u00ed 520 257 41 T\u00fdnec nad S\u00e1zavou (\u017elut\u00fd D\u016fm s pe\u010dovatelskou slu\u017ebou, suter\u00e9n) E-mail: info@mcmotylek.cz \u010c\u00edslo \u00fa\u010dtu: 277 035 505 \/ 0600 Datov\u00e1 schr\u00e1nka: trjzt3x Mapa: Kontaktn\u00ed osoby:<\/p>\n","protected":false},"author":33,"featured_media":0,"parent":0,"menu_order":12,"comment_status":"closed","ping_status":"closed","template":"","meta":{"ngg_post_thumbnail":0,"_mc_calendar":[]},"post_mailing_queue_ids":[],"_links":{"self":[{"href":"http:\/\/www.mcmotylek.cz\/index.php?rest_route=\/wp\/v2\/pages\/43"}],"collection":[{"href":"http:\/\/www.mcmotylek.cz\/index.php?rest_route=\/wp\/v2\/pages"}],"about":[{"href":"http:\/\/www.mcmotylek.cz\/index.php?rest_route=\/wp\/v2\/types\/page"}],"author":[{"embeddable":true,"href":"http:\/\/www.mcmotylek.cz\/index.php?rest_route=\/wp\/v2\/users\/33"}],"replies":[{"embeddable":true,"href":"http:\/\/www.mcmotylek.cz\/index.php?rest_route=%2Fwp%2Fv2%2Fcomments&post=43"}],"version-history":[{"count":32,"href":"http:\/\/www.mcmotylek.cz\/index.php?rest_route=\/wp\/v2\/pages\/43\/revisions"}],"predecessor-version":[{"id":9789,"href":"http:\/\/www.mcmotylek.cz\/index.php?rest_route=\/wp\/v2\/pages\/43\/revisions\/9789"}],"wp:attachment":[{"href":"http:\/\/www.mcmotylek.cz\/index.php?rest_route=%2Fwp%2Fv2%2Fmedia&parent=43"}],"curies":[{"name":"wp","href":"https:\/\/api.w.org\/{rel}","templated":true}]}}