{"id":4604,"date":"2016-03-28T20:37:46","date_gmt":"2016-03-28T19:37:46","guid":{"rendered":"http:\/\/www.mcmotylek.cz\/?page_id=4604"},"modified":"2016-03-28T20:42:43","modified_gmt":"2016-03-28T19:42:43","slug":"2016-2","status":"publish","type":"page","link":"http:\/\/www.mcmotylek.cz\/?page_id=4604","title":{"rendered":"2016"},"content":{"rendered":"<ul class=\"ngg-breadcrumbs\">\n    <\/ul>\n<div class=\"ngg-albumoverview\">\t\n\t<!-- List of galleries -->\n\t\n\t<div class=\"ngg-album\">\n\t\t<div class=\"ngg-albumtitle\"><a href=\"http:\/\/www.mcmotylek.cz\/index.php\/nggallery\/2016\/maskarni-16-2-2016?page_id=4604\">Maskarni 16.2.2016<\/a><\/div>\n\t\t\t<div class=\"ngg-albumcontent\">\n\t\t\t\t<div class=\"ngg-thumbnail\">\n\t\t\t\t\t<a href=\"http:\/\/www.mcmotylek.cz\/index.php\/nggallery\/2016\/maskarni-16-2-2016?page_id=4604\"><img class=\"Thumb\" alt=\"Maskarni 16.2.2016\" src=\"http:\/\/www.mcmotylek.cz\/wp-content\/gallery\/maskarni-16-2-2016\/cache\/DSCN6842.JPG-nggid041906-ngg0dyn-240x160x100-00f0w010c011r110f110r010t010.JPG\"\/><\/a>\n\t\t\t\t<\/div>\n\t\t\t\t<div class=\"ngg-description\">\n\t\t\t\t<p>Maskarni dopoledne pro deti<\/p>\n\t\t\t\t\t\t\t\t<p class=\"ngg-album-gallery-image-counter\"><strong>9<\/strong>&nbsp;Fotky<\/p>\n\t\t\t\t\t\t\t<\/div>\n\t\t<\/div>\n\t<\/div>\n\n \t\n\t<div class=\"ngg-album\">\n\t\t<div class=\"ngg-albumtitle\"><a href=\"http:\/\/www.mcmotylek.cz\/index.php\/nggallery\/2016\/den-pro-maminky-08032016?page_id=4604\">Den pro maminky 08032016<\/a><\/div>\n\t\t\t<div class=\"ngg-albumcontent\">\n\t\t\t\t<div class=\"ngg-thumbnail\">\n\t\t\t\t\t<a href=\"http:\/\/www.mcmotylek.cz\/index.php\/nggallery\/2016\/den-pro-maminky-08032016?page_id=4604\"><img class=\"Thumb\" alt=\"Den pro maminky 08032016\" src=\"http:\/\/www.mcmotylek.cz\/wp-content\/gallery\/den-pro-maminky-08032016\/cache\/DSCN6995.JPG-nggid041896-ngg0dyn-240x160x100-00f0w010c011r110f110r010t010.JPG\"\/><\/a>\n\t\t\t\t<\/div>\n\t\t\t\t<div class=\"ngg-description\">\n\t\t\t\t<p>Dopoledne ur\u010den\u00e9 mamink\u00e1m, kosmetika,l\u00ed\u010den\u00ed,pan fotograf.......<\/p>\n\t\t\t\t\t\t\t\t<p class=\"ngg-album-gallery-image-counter\"><strong>9<\/strong>&nbsp;Fotky<\/p>\n\t\t\t\t\t\t\t<\/div>\n\t\t<\/div>\n\t<\/div>\n\n \t\n\t<div class=\"ngg-album\">\n\t\t<div class=\"ngg-albumtitle\"><a href=\"http:\/\/www.mcmotylek.cz\/index.php\/nggallery\/2016\/vylet-vlackem-do-cercan?page_id=4604\">V\u00fdlet vl\u00e1\u010dkem do \u010cer\u010dan<\/a><\/div>\n\t\t\t<div class=\"ngg-albumcontent\">\n\t\t\t\t<div class=\"ngg-thumbnail\">\n\t\t\t\t\t<a href=\"http:\/\/www.mcmotylek.cz\/index.php\/nggallery\/2016\/vylet-vlackem-do-cercan?page_id=4604\"><img class=\"Thumb\" alt=\"V\u00fdlet vl\u00e1\u010dkem do \u010cer\u010dan\" src=\"http:\/\/www.mcmotylek.cz\/wp-content\/gallery\/vylet-vlackem-do-cercan\/cache\/20160607_083134.jpg-nggid041914-ngg0dyn-240x160x100-00f0w010c011r110f110r010t010.jpg\"\/><\/a>\n\t\t\t\t<\/div>\n\t\t\t\t<div class=\"ngg-description\">\n\t\t\t\t<p><\/p>\n\t\t\t\t\t\t\t\t<p class=\"ngg-album-gallery-image-counter\"><strong>11<\/strong>&nbsp;Fotky<\/p>\n\t\t\t\t\t\t\t<\/div>\n\t\t<\/div>\n\t<\/div>\n\n \t\n\t<div class=\"ngg-album\">\n\t\t<div class=\"ngg-albumtitle\"><a href=\"http:\/\/www.mcmotylek.cz\/index.php\/nggallery\/2016\/Hra\u010dkov\u00e1n\u00ed-18.10.-Stav\u011bn\u00ed-dome\u010dku-pro-zv\u00ed\u0159\u00e1tka?page_id=4604\">Stav\u011bn\u00ed dome\u010dku pro zv\u00ed\u0159\u00e1tka<\/a><\/div>\n\t\t\t<div class=\"ngg-albumcontent\">\n\t\t\t\t<div class=\"ngg-thumbnail\">\n\t\t\t\t\t<a href=\"http:\/\/www.mcmotylek.cz\/index.php\/nggallery\/2016\/Hra\u010dkov\u00e1n\u00ed-18.10.-Stav\u011bn\u00ed-dome\u010dku-pro-zv\u00ed\u0159\u00e1tka?page_id=4604\"><img class=\"Thumb\" alt=\"Stav\u011bn\u00ed dome\u010dku pro zv\u00ed\u0159\u00e1tka\" src=\"http:\/\/www.mcmotylek.cz\/wp-content\/gallery\/Hra%C4%8Dkov%C3%A1n%C3%AD-18.10.-Stav%C4%9Bn%C3%AD-dome%C4%8Dku-pro-zv%C3%AD%C5%99%C3%A1tka\/cache\/IMG_5782.JPG-nggid041940-ngg0dyn-240x160x100-00f0w010c011r110f110r010t010.JPG\"\/><\/a>\n\t\t\t\t<\/div>\n\t\t\t\t<div class=\"ngg-description\">\n\t\t\t\t<p>Hra\u010dkov\u00e1n\u00ed venku 18.10.<\/p>\n\t\t\t\t\t\t\t\t<p class=\"ngg-album-gallery-image-counter\"><strong>16<\/strong>&nbsp;Fotky<\/p>\n\t\t\t\t\t\t\t<\/div>\n\t\t<\/div>\n\t<\/div>\n\n \t \t\n\t<!-- Pagination -->\n \t<div class='ngg-clear'><\/div> \t\n<\/div>\n\n\n","protected":false},"excerpt":{"rendered":"","protected":false},"author":29,"featured_media":0,"parent":50,"menu_order":7,"comment_status":"open","ping_status":"open","template":"","meta":{"ngg_post_thumbnail":0,"_mc_calendar":[]},"post_mailing_queue_ids":[],"_links":{"self":[{"href":"http:\/\/www.mcmotylek.cz\/index.php?rest_route=\/wp\/v2\/pages\/4604"}],"collection":[{"href":"http:\/\/www.mcmotylek.cz\/index.php?rest_route=\/wp\/v2\/pages"}],"about":[{"href":"http:\/\/www.mcmotylek.cz\/index.php?rest_route=\/wp\/v2\/types\/page"}],"author":[{"embeddable":true,"href":"http:\/\/www.mcmotylek.cz\/index.php?rest_route=\/wp\/v2\/users\/29"}],"replies":[{"embeddable":true,"href":"http:\/\/www.mcmotylek.cz\/index.php?rest_route=%2Fwp%2Fv2%2Fcomments&post=4604"}],"version-history":[{"count":2,"href":"http:\/\/www.mcmotylek.cz\/index.php?rest_route=\/wp\/v2\/pages\/4604\/revisions"}],"predecessor-version":[{"id":4606,"href":"http:\/\/www.mcmotylek.cz\/index.php?rest_route=\/wp\/v2\/pages\/4604\/revisions\/4606"}],"up":[{"embeddable":true,"href":"http:\/\/www.mcmotylek.cz\/index.php?rest_route=\/wp\/v2\/pages\/50"}],"wp:attachment":[{"href":"http:\/\/www.mcmotylek.cz\/index.php?rest_route=%2Fwp%2Fv2%2Fmedia&parent=4604"}],"curies":[{"name":"wp","href":"https:\/\/api.w.org\/{rel}","templated":true}]}}