{"id":6240,"date":"2018-05-29T21:40:06","date_gmt":"2018-05-29T20:40:06","guid":{"rendered":"http:\/\/www.mcmotylek.cz\/?page_id=6240"},"modified":"2025-10-11T21:12:42","modified_gmt":"2025-10-11T20:12:42","slug":"nakladani-s-osobnimi-udaji","status":"publish","type":"page","link":"http:\/\/www.mcmotylek.cz\/?page_id=6240","title":{"rendered":"Nakl\u00e1d\u00e1n\u00ed s osobn\u00edmi \u00fadaji"},"content":{"rendered":"<p><strong>INFORMACE O ZPRACOV\u00c1N\u00cd OSOBN\u00cdCH \u00daDAJ\u016e <\/strong><strong>A <\/strong><strong>POU\u010cEN\u00cd O PR\u00c1VECH SUBJEKTU \u00daDAJ\u016e<\/strong><\/p>\n<p><strong>&#8211; \u010dlenov\u00e9 spolku, \u00fa\u010dastn\u00edci programov\u00e9 nab\u00eddky<\/strong><\/p>\n<p><strong>&nbsp;<\/strong><\/p>\n<p><strong><u>I. \u00daDAJE O SPR\u00c1VCI OSOBN\u00cdCH \u00daDAJ\u016e<\/u><\/strong><\/p>\n<p><strong>Spolek Mate\u0159sk\u00e9 centrum MOT\u00ddLEK, T\u00fdnec nad S\u00e1zavou<\/strong> se s\u00eddlem Okru\u017en\u00ed 520, 257 41 T\u00fdnec nad S\u00e1zavou, I\u010cO: 70858691, zapsan\u00e1 v&nbsp;obchodn\u00edm rejst\u0159\u00edku veden\u00e9m M\u011bstsk\u00fdm soudem v&nbsp;Praze pod sp. zn. L 11147 (d\u00e1le jen \u201e<strong>spr\u00e1vce<\/strong>\u201c) <strong>je ve smyslu <\/strong>na\u0159\u00edzen\u00ed Evropsk\u00e9ho parlamentu a Rady (EU) 2016\/679 (obecn\u00e9 na\u0159\u00edzen\u00ed o ochran\u011b osobn\u00edch \u00fadaj\u016f &#8211; d\u00e1le jen \u201e<strong>na\u0159\u00edzen\u00ed GDPR<\/strong>\u201c)<strong>spr\u00e1vcem, tedy osobou, kter\u00e1 sama nebo spole\u010dn\u011b s&nbsp;jin\u00fdmi ur\u010duje \u00fa\u010dely a prost\u0159edky zpracov\u00e1n\u00ed osobn\u00edch \u00fadaj\u016f<\/strong>.<\/p>\n<p><strong>Kontaktn\u00ed \u00fadaje spr\u00e1vce: Mgr. Daniela Pe\u010denkov\u00e1<\/strong>, p\u0159edseda p\u0159edstavenstva<\/p>\n<p>tel. 721 414 121<\/p>\n<p>e-mail: info@mcmotylek.cz<\/p>\n<p><strong><u>II. SUBJEKTY \u00daDAJ\u016e, JEJICH\u017d OSOBN\u00cd \u00daDAJE SPR\u00c1VCE ZPRACOV\u00c1V\u00c1<\/u><\/strong><\/p>\n<p>Subjekty \u00fadaj\u016f, tedy fyzick\u00e9 osoby, k&nbsp;nim\u017e se osobn\u00ed \u00fadaje vztahuj\u00ed, jsou u spr\u00e1vce mj.:<\/p>\n<ul>\n<li><strong>\u010dlenov\u00e9 spolku<\/strong><\/li>\n<li><strong>\u00fa\u010dastn\u00edci programov\u00e9 nab\u00eddky a slu\u017eeb spr\u00e1vce <\/strong><\/li>\n<\/ul>\n<p><strong><u>III. \u00da\u010cEL ZPRACOV\u00c1N\u00cd, ROZSAH ZPRACOV\u00c1N\u00cd, PR\u00c1VN\u00cd Z\u00c1KLAD <\/u><\/strong><\/p>\n<p><strong>Rozsah zpracov\u00e1van\u00fdch osobn\u00edch \u00fadaj\u016f<\/strong><\/p>\n<p>\u2013&nbsp;&nbsp;&nbsp;&nbsp;&nbsp;&nbsp; jm\u00e9no a p\u0159\u00edjmen\u00ed<\/p>\n<p>\u2013&nbsp;&nbsp;&nbsp;&nbsp;&nbsp;&nbsp; m\u011bsto bydli\u0161t\u011b<\/p>\n<p>\u2013&nbsp;&nbsp;&nbsp;&nbsp;&nbsp;&nbsp; datum narozen\u00ed<\/p>\n<p>\u2013&nbsp;&nbsp;&nbsp;&nbsp;&nbsp;&nbsp; telefonn\u00ed a e-mailov\u00e9 spojen\u00ed<\/p>\n<p>\u2013&nbsp;&nbsp;&nbsp;&nbsp;&nbsp;&nbsp; fotografie<\/p>\n<p><strong>\u00da\u010del zpracov\u00e1n\u00ed<\/strong><\/p>\n<p>Registrace a evidence \u010dlen\u016f a realizace programov\u00e9 nab\u00eddky a slu\u017eeb Spr\u00e1vce<\/p>\n<p>Marketingov\u00e9 a obchodn\u00ed aktivity spr\u00e1vce, spole\u010densk\u00e9 akce po\u0159\u00e1dan\u00e9 spr\u00e1vcem<\/p>\n<p><strong>Pr\u00e1vn\u00ed z\u00e1klad<\/strong><\/p>\n<p>&#8211;&nbsp;&nbsp;&nbsp;&nbsp;&nbsp;&nbsp;&nbsp;&nbsp; \u010dl\u00e1nek 6 odst. 1 p\u00edsm. c) GDPR &#8211; zpracov\u00e1n\u00ed je nebytn\u00e9 pro spln\u011bn\u00ed pr\u00e1vn\u00ed povinnosti, kter\u00e1 se na spr\u00e1vce vztahuje ( jm\u00e9no, p\u0159\u00edjmen\u00ed, datum narozen\u00ed, m\u011bsto bydli\u0161t\u011b)<\/p>\n<p>&#8211;&nbsp;&nbsp;&nbsp;&nbsp;&nbsp;&nbsp;&nbsp;&nbsp; \u010dl\u00e1nek 6 odst. 1 p\u00edsm. a) GDPR &#8211; subjekt \u00fadaj\u016f ud\u011blil souhlas se zpracov\u00e1n\u00edm sv\u00fdch osobn\u00edch \u00fadaj\u016f pro jeden \u010di v\u00edce konkr\u00e9tn\u00edch \u00fa\u010del\u016f (telefonn\u00ed a emailov\u00e9 spojen\u00ed, fotografie)<\/p>\n<p><strong><u>IV. OPR\u00c1VN\u011aN\u00dd Z\u00c1JEM SPR\u00c1VCE<\/u><\/strong><\/p>\n<p>Opr\u00e1vn\u011bn\u00fdm z\u00e1jmem spr\u00e1vce ve smyslu \u010dl\u00e1nku 6 odst. 1 p\u00edsm. c) na\u0159\u00edzen\u00ed GDPR je pln\u011bn\u00ed pr\u00e1vn\u00ed povinnosti&nbsp; vypl\u00fdvaj\u00edc\u00ed z \u010dinnosti spr\u00e1vce spo\u010d\u00edvaj\u00edc\u00ed v prov\u00e1d\u011bn\u00ed soci\u00e1ln\u00ed prevence pro rodinu s d\u011btmi a uplat\u0148ov\u00e1n\u00ed pr\u00e1v spr\u00e1vce.<\/p>\n<p><strong><u>V. P\u0158\u00cdJEMCI OSOBN\u00cdCH \u00daDAJ\u016e<\/u><\/strong><\/p>\n<p>P\u0159\u00edjemci osobn\u00edch \u00fadaj\u016f jsou <strong>pouze zpracovatel\u00e9 spr\u00e1vce<\/strong> (viz bod VI. d\u00e1le), kte\u0159\u00ed pro Spr\u00e1vce osobn\u00ed \u00fadaje zpracov\u00e1vaj\u00ed pro \u00fa\u010dely uveden\u00e9 v&nbsp;p\u0159\u00edloze \u010d. 1. Vedle uveden\u00fdch osob <strong>mohou b\u00fdt osobn\u00ed \u00fadaje zp\u0159\u00edstupn\u011bny i dal\u0161\u00edm osob\u00e1m, ale to pouze v p\u0159\u00edpad\u011b, pokud jim bude sv\u011bd\u010dit z\u00e1konn\u00fd d\u016fvod pro p\u0159\u00edstup k t\u011bmto osobn\u00edm \u00fadaj\u016fm<\/strong> (nap\u0159. org\u00e1ny \u010dinn\u00e9 v trestn\u00edm \u0159\u00edzen\u00ed, jin\u00e9 kontroln\u00ed org\u00e1ny se z\u00e1konn\u00fdm zmocn\u011bn\u00edm pro p\u0159\u00edstup k informac\u00edm), <strong>nebo pokud to bude nezbytn\u00e9 pro ochranu pr\u00e1v spr\u00e1vce <\/strong>(nap\u0159. soud, spr\u00e1vn\u00ed org\u00e1n).<\/p>\n<p><strong><u>VI. ZPRACOVATEL\u00c9 OSOBN\u00cdCH \u00daDAJ\u016e<\/u><\/strong><\/p>\n<p>Zpracovatelem je <strong>fyzick\u00e1 nebo pr\u00e1vnick\u00e1 osoba, kter\u00e1 zpracov\u00e1v\u00e1 osobn\u00ed \u00fadaje pro spr\u00e1vce<\/strong>. Zpracovatelem osobn\u00edch \u00fadaj\u016f pro spr\u00e1vce jsou:<\/p>\n<ul>\n<li>\u00fa\u010detn\u00ed kancel\u00e1\u0159 &#8211; Lenka Kosinov\u00e1, I\u010cO&nbsp; 87101734<\/li>\n<\/ul>\n<p><strong><u>VII. P\u0158ED\u00c1V\u00c1N\u00cd OSOBN\u00cdCH \u00daDAJ\u016e DO T\u0158ET\u00cd ZEM\u011a NEBO MEZIN\u00c1RODN\u00cd ORGANIZACI<\/u><\/strong><\/p>\n<p><strong>Spr\u00e1vce nep\u0159ed\u00e1v\u00e1 osobn\u00ed \u00fadaje do t\u0159et\u00ed zem\u011b nebo mezin\u00e1rodn\u00ed organizac<\/strong>i.<\/p>\n<p><strong><u>VIII. DOBA, PO KTEROU BUDOU OSOBN\u00cd \u00daDAJE ULO\u017dENY, KRIT\u00c9RIA POU\u017dIT\u00c1 PRO STANOVEN\u00cd T\u00c9TO DOBY <\/u><\/strong><\/p>\n<table>\n<tbody>\n<tr>\n<td width=\"447\">\u010clenov\u00e9 spolku<\/td>\n<td width=\"616\">po dobu trv\u00e1n\u00ed \u010dlenstv\u00ed ve spolku<\/td>\n<\/tr>\n<tr>\n<td width=\"447\">\u00da\u010dastn\u00edci programov\u00e9 nab\u00eddky<\/td>\n<td width=\"616\">po dobu trv\u00e1n\u00ed programov\u00e9 nab\u00eddky<\/td>\n<\/tr>\n<\/tbody>\n<\/table>\n<p><b><u>IX. PR\u00c1VA SUBJEKTU \u00daDAJ\u016e<\/u><\/b><\/p>\n<ul>\n<li><strong><u><\/u>pr\u00e1vo odvolat souhlas<\/strong><\/li>\n<\/ul>\n<p>Subjekt \u00fadaj\u016f m\u00e1 pr\u00e1vo sv\u016fj souhlas kdykoli odvolat. Odvol\u00e1n\u00edm souhlasu nen\u00ed dot\u010dena z\u00e1konnost zpracov\u00e1n\u00ed vych\u00e1zej\u00edc\u00edho ze souhlasu, kter\u00fd byl d\u00e1n p\u0159ed jeho odvol\u00e1n\u00edm.<\/p>\n<ul>\n<li><strong>pr\u00e1vo na p\u0159\u00edstup k&nbsp;osobn\u00edm \u00fadaj\u016fm<\/strong><\/li>\n<\/ul>\n<p>Ka\u017ed\u00fd subjekt \u00fadaj\u016f m\u00e1 pr\u00e1vo po\u017e\u00e1dat spr\u00e1vce\/p\u0159\u00edslu\u0161n\u00e9ho zpracovatele o poskytnut\u00ed informace o zpracov\u00e1n\u00ed jeho osobn\u00edch \u00fadaj\u016f, kter\u00e1 mu bude bez zbyte\u010dn\u00e9ho odkladu p\u0159ed\u00e1na. Obsahem informace bude v\u017edy sd\u011blen\u00ed o:<\/p>\n<p>a) \u00fa\u010dely zpracov\u00e1n\u00ed,<\/p>\n<p>b) kategorie dot\u010den\u00fdch osobn\u00edch \u00fadaj\u016f,<\/p>\n<p>c) p\u0159\u00edjemci nebo kategorii p\u0159\u00edjemc\u016f, kter\u00fdm osobn\u00ed \u00fadaje byly nebo budou zp\u0159\u00edstupn\u011bny,<\/p>\n<p>d) pl\u00e1novan\u00e1 doba, po kterou budou osobn\u00ed \u00fadaje ulo\u017eeny, event. krit\u00e9ria pou\u017eit\u00e1 ke stanoven\u00ed t\u00e9to doby,<\/p>\n<p>e) existence pr\u00e1va po\u017eadovat od spr\u00e1vce opravu nebo v\u00fdmaz osobn\u00edch \u00fadaj\u016f t\u00fdkaj\u00edc\u00edch se subjektu \u00fadaj\u016f nebo omezen\u00ed jejich zpracov\u00e1n\u00ed, a nebo vzn\u00e9st n\u00e1mitku proti tomuto zpracov\u00e1n\u00ed,<\/p>\n<p>f) pr\u00e1vo podat st\u00ed\u017enost u dozorov\u00e9ho org\u00e1nu, kter\u00fdm je \u00da\u0159ad pro ochranu osobn\u00edch \u00fadaj\u016f, se s\u00eddlem Pplk. Sochora 27, 170 00 Praha 7, e-mail: posta@uoou.cz,<\/p>\n<p>g) ve\u0161ker\u00e9 dostupn\u00e9 informace o zdroji osobn\u00edch \u00fadaj\u016f, pokud nejsou z\u00edsk\u00e1ny od subjektu \u00fadaj\u016f,<\/p>\n<p>h) skute\u010dnost, \u017ee doch\u00e1z\u00ed k&nbsp;automatizovan\u00e9mu rozhodov\u00e1n\u00ed, v\u010detn\u011b profilov\u00e1n\u00ed.<\/p>\n<p>Spr\u00e1vce poskytne subjektu \u00fadaj\u016f kopii zpracov\u00e1van\u00fdch \u00fadaj\u016f.<\/p>\n<ul>\n<li><strong>pr\u00e1vo na opravu osobn\u00edch \u00fadaj\u016f, pr\u00e1vo na dopln\u011bn\u00ed ne\u00fapln\u00fdch osobn\u00edch \u00fadaj\u016f<\/strong><\/li>\n<\/ul>\n<p>Subjekt \u00fadaj\u016f m\u00e1 pr\u00e1vo na to, aby spr\u00e1vce bez zbyte\u010dn\u00e9ho odkladu opravil nep\u0159esn\u00e9 osobn\u00ed \u00fadaje, kter\u00e9 se ho t\u00fdkaj\u00ed, p\u0159\u00edpadn\u011b na dopln\u011bn\u00ed ne\u00fapln\u00fdch osobn\u00edch \u00fadaj\u016f.<\/p>\n<ul>\n<li><strong>pr\u00e1vo na v\u00fdmaz osobn\u00edch \u00fadaj\u016f (\u201epr\u00e1vo b\u00fdt zapomenut\u201c)<\/strong><\/li>\n<\/ul>\n<p>Subjekt \u00fadaj\u016f m\u00e1 pr\u00e1vo na to, aby spr\u00e1vce bez zbyte\u010dn\u00e9ho odkladu vymazal osobn\u00ed \u00fadaje, kter\u00e9 se dan\u00e9ho subjektu t\u00fdkaj\u00ed, a spr\u00e1vce m\u00e1 povinnost osobn\u00ed \u00fadaje bez zbyte\u010dn\u00e9ho odkladu vymazat, pokud je d\u00e1n jeden z&nbsp;t\u011bchto d\u016fvod\u016f:<\/p>\n<p>a) osobn\u00ed \u00fadaje ji\u017e nejsou pot\u0159ebn\u00e9 pro \u00fa\u010dely, pro kter\u00e9 byly shrom\u00e1\u017ed\u011bny nebo jinak zpracov\u00e1ny,<\/p>\n<p>b) subjekt \u00fadaj\u016f odvol\u00e1 souhlas, na jeho\u017e z\u00e1klad\u011b byly \u00fadaje zpracov\u00e1ny a neexistuje \u017e\u00e1dn\u00fd dal\u0161\u00ed pr\u00e1vn\u00ed d\u016fvod pro zpracov\u00e1n\u00ed,<\/p>\n<p>c) subjekt \u00fadaj\u016f vznese n\u00e1mitky proti zpracov\u00e1n\u00ed a neexistuj\u00ed \u017e\u00e1dn\u00e9 p\u0159eva\u017euj\u00edc\u00ed opr\u00e1vn\u011bn\u00e9 d\u016fvody pro zpracov\u00e1n\u00ed,<\/p>\n<p>d) osobn\u00ed \u00fadaje byly zpracov\u00e1ny protipr\u00e1vn\u011b,<\/p>\n<p>e) osobn\u00ed \u00fadaje mus\u00ed b\u00fdt vymaz\u00e1ny ke spln\u011bn\u00ed pr\u00e1vn\u00ed povinnosti <strong>s<\/strong>tanoven\u00e9 v&nbsp;pr\u00e1vu EU nebo \u010cesk\u00e9 republiky,<\/p>\n<p>f) osobn\u00ed \u00fadaje byly shrom\u00e1\u017ed\u011bny v&nbsp;souvislosti s&nbsp;nab\u00eddkou slu\u017eeb informa\u010dn\u00ed spole\u010dnosti.<\/p>\n<p><u>Pr\u00e1vo na v\u00fdmaz se neuplatn\u00ed<\/u>, pokud je zpracov\u00e1n\u00ed nezbytn\u00e9 pro spln\u011bn\u00ed pr\u00e1vn\u00ed povinnosti, kter\u00e1 se na spr\u00e1vce vztahuje, pro ur\u010den\u00ed v\u00fdkon nebo obhajobu pr\u00e1vn\u00edch n\u00e1rok\u016f, a z&nbsp;dal\u0161\u00edch d\u016fvod\u016f uveden\u00fdch v&nbsp;na\u0159\u00edzen\u00ed GDPR.<\/p>\n<ul>\n<li><strong>pr\u00e1vo na omezen\u00ed zpracov\u00e1n\u00ed<\/strong><\/li>\n<\/ul>\n<p>Subjekt \u00fadaj\u016f m\u00e1 pr\u00e1vo na to, aby spr\u00e1vce omezil zpracov\u00e1n\u00ed, v&nbsp;kter\u00e9mkoliv z&nbsp;t\u011bchto p\u0159\u00edpad\u016f.<\/p>\n<p>a) subjekt \u00fadaj\u016f pop\u00edr\u00e1 p\u0159esnost osobn\u00edch \u00fadaj\u016f, a to na dobu pot\u0159ebnou k&nbsp;tomu, aby spr\u00e1vce mohl p\u0159esnost osobn\u00edch \u00fadaj\u016f ov\u011b\u0159it;<\/p>\n<p>b) zpracov\u00e1n\u00ed je protipr\u00e1vn\u00ed a subjekt \u00fadaj\u016f odm\u00edt\u00e1 v\u00fdmaz osobn\u00edch \u00fadaj\u016f a \u017e\u00e1d\u00e1 m\u00edsto toho omezen\u00ed jejich pou\u017eit\u00ed,<\/p>\n<p>c) spr\u00e1vce ji\u017e osobn\u00ed \u00fadaje nepot\u0159ebuje pro \u00fa\u010dely zpracov\u00e1n\u00ed, ale subjekt \u00fadaj\u016f je po\u017eaduje pro ur\u010den\u00ed, v\u00fdkon nebo obhajobu pr\u00e1vn\u00edch n\u00e1rok\u016f;<\/p>\n<p>d) subjekt \u00fadaj\u016f vznesl n\u00e1mitku proti zpracov\u00e1n\u00ed, dokud nebude ov\u011b\u0159eno, zda opr\u00e1vn\u011bn\u00e9 d\u016fvody spr\u00e1vce p\u0159eva\u017euj\u00ed nad opr\u00e1vn\u011bn\u00fdmi d\u016fvody subjektu \u00fadaj\u016f.<\/p>\n<ul>\n<li><strong>pr\u00e1vo na p\u0159enositelnost \u00fadaj\u016f<\/strong><\/li>\n<\/ul>\n<p>Subjekt \u00fadaj\u016f m\u00e1 pr\u00e1vo z\u00edskat osobn\u00ed \u00fadaje, kter\u00e9 se ho t\u00fdkaj\u00ed, je\u017e poskytl spr\u00e1vci, ve strukturovan\u00e9m, b\u011b\u017en\u011b pou\u017e\u00edvan\u00e9m a strojov\u011b \u010diteln\u00e9m form\u00e1tu, a pr\u00e1vo p\u0159edat tyto \u00fadaje jin\u00e9mu spr\u00e1vci, ani\u017e by tomu spr\u00e1vce, kter\u00e9mu byly osobn\u00ed \u00fadaje poskytnuty, br\u00e1nil, a to v&nbsp;p\u0159\u00edpad\u011b, \u017ee<\/p>\n<p>a) zpracov\u00e1n\u00ed je zalo\u017eeno na souhlasu nebo na smlouv\u011b,<\/p>\n<p>b) zpracov\u00e1n\u00ed se prov\u00e1d\u00ed automatizovan\u011b.<\/p>\n<p>P\u0159i v\u00fdkonu sv\u00e9ho pr\u00e1va na p\u0159enositelnost m\u00e1 subjekt \u00fadaj\u016f pr\u00e1vo na to, aby osobn\u00ed \u00fadaje byly p\u0159ed\u00e1ny p\u0159\u00edmo jedn\u00edm spr\u00e1vcem druh\u00e9mu, je-li to technicky provediteln\u00e9.<\/p>\n<ul>\n<li><strong>pr\u00e1vo vzn\u00e9st n\u00e1mitku proti zpracov\u00e1n\u00ed<\/strong><\/li>\n<\/ul>\n<p>Subjekt \u00fadaj\u016f m\u00e1 z&nbsp;d\u016fvod\u016f t\u00fdkaj\u00edc\u00edch se jeho konkr\u00e9tn\u00ed situace pr\u00e1vo kdykoli vzn\u00e9st n\u00e1mitku proti zpracov\u00e1n\u00ed osobn\u00edch \u00fadaj\u016f, kter\u00e9 se jej t\u00fdkaj\u00ed, je\u017e spr\u00e1vce zpracov\u00e1v\u00e1 z&nbsp;d\u016fvodu nezbytnosti pro spln\u011bn\u00ed \u00fakolu prov\u00e1d\u011bn\u00e9ho ve ve\u0159ejn\u00e9m z\u00e1jmu nebo pro \u00fa\u010dely opr\u00e1vn\u011bn\u00fdch z\u00e1jm\u016f spr\u00e1vce. Spr\u00e1vce v&nbsp;takov\u00e9m p\u0159\u00edpad\u011b osobn\u00ed \u00fadaje d\u00e1le nezpracov\u00e1v\u00e1, pokud neprok\u00e1\u017ee z\u00e1va\u017en\u00e9 opr\u00e1vn\u011bn\u00e9 d\u016fvody pro zpracov\u00e1n\u00ed, kter\u00e9 p\u0159eva\u017euj\u00ed nad z\u00e1jmy nebo pr\u00e1vy a svobodami subjektu \u00fadaj\u016f, nebo pro ur\u010den\u00ed, v\u00fdkon nebo obhajobu pr\u00e1vn\u00edch n\u00e1rok\u016f.<\/p>\n<ul>\n<li><strong>pr\u00e1vo podat st\u00ed\u017enost u dozorov\u00e9ho \u00fa\u0159adu<\/strong>, kter\u00fdm je \u00da\u0159ad pro ochranu osobn\u00edch \u00fadaj\u016f, se&nbsp;s\u00eddlem Pplk. Sochora 27, 170 00 Praha 7, e-mail: posta@uoou.cz<\/li>\n<li><strong>pr\u00e1vo na informace ohledn\u011b proveden\u00e9 opravy nebo v\u00fdmazu osobn\u00edch \u00fadaj\u016f<\/strong><\/li>\n<\/ul>\n<p>Spr\u00e1vce je povinen ozn\u00e1mit jednotliv\u00fdm p\u0159\u00edjemc\u016fm, jim\u017e byly osobn\u00ed \u00fadaje zp\u0159\u00edstupn\u011bny, ve\u0161ker\u00e9 opravy nebo v\u00fdmazy osobn\u00edch \u00fadaj\u016f nebo omezen\u00ed zpracov\u00e1n\u00ed, s&nbsp;v\u00fdjimkou p\u0159\u00edpad\u016f, kdy se to uk\u00e1\u017ee jako nemo\u017en\u00e9 nebo to vy\u017eaduje nep\u0159im\u011b\u0159en\u00e9 \u00fasil\u00ed. Spr\u00e1vce informuje subjekt \u00fadaj\u016f o t\u011bchto p\u0159\u00edjemc\u00edch, pokud to subjekt \u00fadaj\u016f po\u017eaduje.<\/p>\n<p>Spr\u00e1vce <strong>neprov\u00e1d\u00ed<\/strong> p\u0159i zpracov\u00e1n\u00ed <strong>automatizovan\u00e9 individu\u00e1ln\u00ed rozhodov\u00e1n\u00ed<\/strong> (tj. rozhodnut\u00ed zalo\u017een\u00e9 v\u00fdhradn\u011b na automatizovan\u00e9m zpracov\u00e1n\u00ed<strong> ani profilov\u00e1n\u00ed<\/strong>(tj. jak\u00e1koliv forma automatizovan\u00e9ho zpracov\u00e1n\u00ed osobn\u00edch \u00fadaj\u016f spo\u010d\u00edvaj\u00edc\u00ed v&nbsp;jejich pou\u017eit\u00ed k&nbsp;hodnocen\u00ed n\u011bkter\u00fdch osobn\u00edch aspekt\u016f vztahuj\u00edc\u00edch se k&nbsp;fyzick\u00e9 osob\u011b, zejm\u00e9na k&nbsp;rozboru nebo odhadu aspekt\u016f t\u00fdkaj\u00edc\u00edch se jej\u00edho pracovn\u00edho v\u00fdkonu, ekonomick\u00e9 situace, zdravotn\u00edho stavu, osobn\u00edch preferenc\u00ed, z\u00e1jm\u016f, spolehlivosti, chov\u00e1n\u00ed,m\u00edsta, kde se nach\u00e1z\u00ed nebo pohybu).<\/p>\n<p><strong>\u00da\u010dinnost<\/strong>: Tyto informace jsou \u00fa\u010dinn\u00e9 od 30. 8. 2022.<\/p>\n","protected":false},"excerpt":{"rendered":"<p>INFORMACE O ZPRACOV\u00c1N\u00cd OSOBN\u00cdCH \u00daDAJ\u016e A POU\u010cEN\u00cd O PR\u00c1VECH SUBJEKTU \u00daDAJ\u016e &#8211; \u010dlenov\u00e9 spolku, \u00fa\u010dastn\u00edci programov\u00e9 nab\u00eddky &nbsp; I. \u00daDAJE O SPR\u00c1VCI OSOBN\u00cdCH \u00daDAJ\u016e Spolek Mate\u0159sk\u00e9 centrum MOT\u00ddLEK, T\u00fdnec nad S\u00e1zavou se s\u00eddlem Okru\u017en\u00ed 520, 257 41 T\u00fdnec nad S\u00e1zavou, I\u010cO: 70858691, zapsan\u00e1 v&nbsp;obchodn\u00edm rejst\u0159\u00edku veden\u00e9m M\u011bstsk\u00fdm soudem v&nbsp;Praze pod sp. zn. L 11147 (d\u00e1le [&hellip;]<\/p>\n","protected":false},"author":31,"featured_media":0,"parent":43,"menu_order":2,"comment_status":"closed","ping_status":"closed","template":"","meta":{"ngg_post_thumbnail":0,"_mc_calendar":[]},"post_mailing_queue_ids":[],"_links":{"self":[{"href":"http:\/\/www.mcmotylek.cz\/index.php?rest_route=\/wp\/v2\/pages\/6240"}],"collection":[{"href":"http:\/\/www.mcmotylek.cz\/index.php?rest_route=\/wp\/v2\/pages"}],"about":[{"href":"http:\/\/www.mcmotylek.cz\/index.php?rest_route=\/wp\/v2\/types\/page"}],"author":[{"embeddable":true,"href":"http:\/\/www.mcmotylek.cz\/index.php?rest_route=\/wp\/v2\/users\/31"}],"replies":[{"embeddable":true,"href":"http:\/\/www.mcmotylek.cz\/index.php?rest_route=%2Fwp%2Fv2%2Fcomments&post=6240"}],"version-history":[{"count":11,"href":"http:\/\/www.mcmotylek.cz\/index.php?rest_route=\/wp\/v2\/pages\/6240\/revisions"}],"predecessor-version":[{"id":9881,"href":"http:\/\/www.mcmotylek.cz\/index.php?rest_route=\/wp\/v2\/pages\/6240\/revisions\/9881"}],"up":[{"embeddable":true,"href":"http:\/\/www.mcmotylek.cz\/index.php?rest_route=\/wp\/v2\/pages\/43"}],"wp:attachment":[{"href":"http:\/\/www.mcmotylek.cz\/index.php?rest_route=%2Fwp%2Fv2%2Fmedia&parent=6240"}],"curies":[{"name":"wp","href":"https:\/\/api.w.org\/{rel}","templated":true}]}}