{"id":4667,"date":"2016-05-08T20:04:06","date_gmt":"2016-05-08T19:04:06","guid":{"rendered":"http:\/\/www.mcmotylek.cz\/?page_id=4667"},"modified":"2026-02-02T09:35:43","modified_gmt":"2026-02-02T08:35:43","slug":"podpurna-skupina-pro-kontaktni-rodicovstvi","status":"publish","type":"page","link":"https:\/\/www.mcmotylek.cz\/?page_id=4667","title":{"rendered":"Hl\u00edd\u00e1\u010dek"},"content":{"rendered":"<h2><span style=\"color: #000000;\"><strong>Hl\u00edd\u00e1\u010dek<\/strong><\/span><\/h2>\n<p><span style=\"color: #99cc00;\"><strong>Vedouc\u00ed krou\u017eku: Kamila \u0160romov\u00e1<br \/><\/strong><\/span><\/p>\n<h3><span style=\"color: #ff0000;\"><strong><span style=\"color: #000000;\">pond\u011bl\u00ed 8:30\u201310:00 ka\u017ed\u00fd SUD\u00dd t\u00fdden, p\u0159\u00edpadn\u011b i jindy podle dom<\/span><\/strong><b><span style=\"color: #000000;\">luvy<\/span><br \/><\/b><\/span><\/h3>\n<p>Hl\u00edd\u00e1\u010dek je slu\u017eba pro rodi\u010de, kte\u0159\u00ed bu\u010f cht\u011bj\u00ed tr\u00e9novat odlou\u010den\u00ed od maminky nebo tat\u00ednka a cht\u011bj\u00ed podpo\u0159it osamostat\u0148ov\u00e1n\u00ed se d\u00edtka nen\u00e1silnou formou ve zn\u00e1m\u00e9m prost\u0159ed\u00ed, nebo si pot\u0159ebuj\u00ed vy\u0159\u00eddit cokoliv bez d\u00edtka v z\u00e1dech \ud83d\ude42 Kamila je zku\u0161en\u00e1 lektorka, u\u010ditelka a maminka t\u0159\u00ed d\u011bt\u00ed, jej\u00ed\u017e v\u00fdchova je laskav\u00e1 a podporuj\u00edc\u00ed. M\u016f\u017eete tedy \u010dekat tu nejlep\u0161\u00ed p\u00e9\u010di, spole\u010dn\u011b to toti\u017e dok\u00e1\u017eeme \ud83d\ude42<\/p>\n<p>Pokud byste t\u00e9to slu\u017eby cht\u011bli vyu\u017e\u00edt, nahlaste se pros\u00edm alespo\u0148 formou sms p\u0159\u00edmo lektorce Kamile na tel.: 607 745 433. Pro \u010dleny MC 80,-\/30min., pro ne\u010dleny 100,-\/30min. Hl\u00edd\u00e1\u010dek prob\u00edh\u00e1 v r\u00e1mci krou\u017eku Mini\u0161koli\u010dka.<\/p>\n\n\n<figure class=\"wp-block-image size-large\"><img loading=\"lazy\" width=\"724\" height=\"1024\" src=\"https:\/\/www.mcmotylek.cz\/wp-content\/uploads\/2025\/10\/Hlidacek-724x1024.jpg\" alt=\"\" class=\"wp-image-9863\" srcset=\"https:\/\/www.mcmotylek.cz\/wp-content\/uploads\/2025\/10\/Hlidacek-724x1024.jpg 724w, https:\/\/www.mcmotylek.cz\/wp-content\/uploads\/2025\/10\/Hlidacek-212x300.jpg 212w, https:\/\/www.mcmotylek.cz\/wp-content\/uploads\/2025\/10\/Hlidacek-768x1086.jpg 768w, https:\/\/www.mcmotylek.cz\/wp-content\/uploads\/2025\/10\/Hlidacek-1086x1536.jpg 1086w, https:\/\/www.mcmotylek.cz\/wp-content\/uploads\/2025\/10\/Hlidacek-1448x2048.jpg 1448w, https:\/\/www.mcmotylek.cz\/wp-content\/uploads\/2025\/10\/Hlidacek.jpg 1587w\" sizes=\"(max-width: 724px) 100vw, 724px\" \/><\/figure>\n","protected":false},"excerpt":{"rendered":"<p>Hl\u00edd\u00e1\u010dek Vedouc\u00ed krou\u017eku: Kamila \u0160romov\u00e1 pond\u011bl\u00ed 8:30\u201310:00 ka\u017ed\u00fd SUD\u00dd t\u00fdden, p\u0159\u00edpadn\u011b i jindy podle domluvy Hl\u00edd\u00e1\u010dek je slu\u017eba pro rodi\u010de, kte\u0159\u00ed bu\u010f cht\u011bj\u00ed tr\u00e9novat odlou\u010den\u00ed od maminky nebo tat\u00ednka a cht\u011bj\u00ed podpo\u0159it osamostat\u0148ov\u00e1n\u00ed se d\u00edtka nen\u00e1silnou formou ve zn\u00e1m\u00e9m prost\u0159ed\u00ed, nebo si pot\u0159ebuj\u00ed vy\u0159\u00eddit cokoliv bez d\u00edtka v z\u00e1dech \ud83d\ude42 Kamila je zku\u0161en\u00e1 lektorka, u\u010ditelka [&hellip;]<\/p>\n","protected":false},"author":29,"featured_media":5232,"parent":41,"menu_order":2,"comment_status":"open","ping_status":"closed","template":"","meta":{"ngg_post_thumbnail":0,"_mc_calendar":[]},"post_mailing_queue_ids":[],"_links":{"self":[{"href":"https:\/\/www.mcmotylek.cz\/index.php?rest_route=\/wp\/v2\/pages\/4667"}],"collection":[{"href":"https:\/\/www.mcmotylek.cz\/index.php?rest_route=\/wp\/v2\/pages"}],"about":[{"href":"https:\/\/www.mcmotylek.cz\/index.php?rest_route=\/wp\/v2\/types\/page"}],"author":[{"embeddable":true,"href":"https:\/\/www.mcmotylek.cz\/index.php?rest_route=\/wp\/v2\/users\/29"}],"replies":[{"embeddable":true,"href":"https:\/\/www.mcmotylek.cz\/index.php?rest_route=%2Fwp%2Fv2%2Fcomments&post=4667"}],"version-history":[{"count":14,"href":"https:\/\/www.mcmotylek.cz\/index.php?rest_route=\/wp\/v2\/pages\/4667\/revisions"}],"predecessor-version":[{"id":9924,"href":"https:\/\/www.mcmotylek.cz\/index.php?rest_route=\/wp\/v2\/pages\/4667\/revisions\/9924"}],"up":[{"embeddable":true,"href":"https:\/\/www.mcmotylek.cz\/index.php?rest_route=\/wp\/v2\/pages\/41"}],"wp:featuredmedia":[{"embeddable":true,"href":"https:\/\/www.mcmotylek.cz\/index.php?rest_route=\/wp\/v2\/media\/5232"}],"wp:attachment":[{"href":"https:\/\/www.mcmotylek.cz\/index.php?rest_route=%2Fwp%2Fv2%2Fmedia&parent=4667"}],"curies":[{"name":"wp","href":"https:\/\/api.w.org\/{rel}","templated":true}]}}